{"id":4756,"date":"2022-11-29T11:04:40","date_gmt":"2022-11-29T11:04:40","guid":{"rendered":"https:\/\/fusionai.fmc2e.com\/\/?page_id=4756"},"modified":"2025-04-10T14:29:18","modified_gmt":"2025-04-10T14:29:18","slug":"privacy-policy","status":"publish","type":"page","link":"https:\/\/fusionai.fmc2e.com\/en\/privacy-policy\/","title":{"rendered":"Privacy Policy"},"content":{"rendered":"<div data-elementor-type=\"wp-page\" data-elementor-id=\"4756\" class=\"elementor elementor-4756\">\n\t\t\t\t\t\t<section data-exad-particle-enable=\"false\" class=\"elementor-section elementor-top-section elementor-element elementor-element-b837505 elementor-section-boxed elementor-section-height-default elementor-section-height-default exad-parallax-effect-no exad-background-color-change-no exad-glass-effect-no exad-sticky-section-no\" data-id=\"b837505\" data-element_type=\"section\" data-e-type=\"section\">\n\t\t\t\t\t\t<div class=\"elementor-container elementor-column-gap-default\">\n\t\t\t\t\t<div class=\"elementor-column elementor-col-100 elementor-top-column elementor-element elementor-element-3620aad exad-glass-effect-no exad-sticky-section-no\" data-id=\"3620aad\" data-element_type=\"column\" data-e-type=\"column\">\n\t\t\t<div class=\"elementor-widget-wrap elementor-element-populated\">\n\t\t\t\t\t\t<div class=\"elementor-element elementor-element-55b2a66 exad-sticky-section-no exad-glass-effect-no elementor-widget elementor-widget-text-editor\" data-id=\"55b2a66\" data-element_type=\"widget\" data-e-type=\"widget\" data-widget_type=\"text-editor.default\">\n\t\t\t\t<div class=\"elementor-widget-container\">\n\t\t\t\t\t\t\t\t\t<p>ABA Technology est l\u2019entit\u00e9 responsable du traitement des donn\u00e9es personnelles. Vos donn\u00e9es personnelles restent strictement confidentielles et prot\u00e9g\u00e9es.<\/p>\n<p>Les donn\u00e9es \u00e0 caract\u00e8re personnel collect\u00e9es sur le site, \u00e0 l\u2019aide des formulaires disponibles, font l\u2019objet d\u2019un traitement destin\u00e9 \u00e0 la gestion de la relation clients et partenaires, \u00e0 la gestion du recrutement et\/ou \u00e0 la gestion des op\u00e9rations de prospection.<\/p>\n<p>Nous avons mis en place des syst\u00e8mes et des proc\u00e9dures professionnels ad\u00e9quats. De plus, nous utilisons des restrictions techniques et physiques pour limiter l\u2019acc\u00e8s \u00e0 vos donn\u00e9es personnelles et leurs utilisations. Seul le personnel habilit\u00e9 est autoris\u00e9 \u00e0 acc\u00e9der \u00e0 vos informations personnelles pour exercer ses fonctions dans le cadre de nos services.<\/p>\n<ul>\n<li>Le traitement \u00ab site web \u00bb a \u00e9t\u00e9 autoris\u00e9 sous le n\u00b0\u2026\u2026\u2026\u2026<\/li>\n<li>Le traitement \u00ab gestion des ressources humaines \u00bb a \u00e9t\u00e9 d\u00e9clar\u00e9 sous le n\u00b0 \u2026\u2026\u2026.;<\/li>\n<\/ul>\n<p>Conform\u00e9ment \u00e0 la loi n\u00b0 09-08 promulgu\u00e9e par le Dahir 1-09-15 du 18 f\u00e9vrier 2009, relative \u00e0 la protection des personnes physiques \u00e0 l&rsquo;\u00e9gard du traitement des donn\u00e9es \u00e0 caract\u00e8re personnel, vous b\u00e9n\u00e9ficiez d\u2019un droit d\u2019acc\u00e8s et de rectification aux informations qui vous concernent, que vous pouvez exercer en vous adressant \u00e0 : Service Commercial de Aba Technology via email&nbsp;: contact@abatechnology.ma .<\/p>\n<p>Vous pouvez \u00e9galement, pour des motifs l\u00e9gitimes, vous opposer \u00e0 ce que les donn\u00e9es qui vous concernent fassent l\u2019objet d\u2019un traitement.<\/p>\t\t\t\t\t\t\t\t<\/div>\n\t\t\t\t<\/div>\n\t\t\t\t\t<\/div>\n\t\t<\/div>\n\t\t\t\t\t<\/div>\n\t\t<\/section>\n\t\t\t\t<\/div>","protected":false},"excerpt":{"rendered":"<p>Donn\u00e9es \u00e0 caract\u00e8re personnel ABA Technology est l\u2019entit\u00e9 responsable du traitement des donn\u00e9es personnelles. Vos donn\u00e9es personnelles restent strictement confidentielles et prot\u00e9g\u00e9es. Les donn\u00e9es \u00e0 caract\u00e8re personnel collect\u00e9es sur le site, \u00e0 l\u2019aide des formulaires disponibles, font l\u2019objet d\u2019un traitement destin\u00e9 \u00e0 la gestion de la relation clients et partenaires, [&hellip;]<\/p>\n","protected":false},"author":1,"featured_media":0,"parent":0,"menu_order":0,"comment_status":"closed","ping_status":"closed","template":"","meta":{"_themeisle_gutenberg_block_has_review":false,"footnotes":""},"class_list":["post-4756","page","type-page","status-publish","hentry"],"_links":{"self":[{"href":"https:\/\/fusionai.fmc2e.com\/en\/wp-json\/wp\/v2\/pages\/4756","targetHints":{"allow":["GET"]}}],"collection":[{"href":"https:\/\/fusionai.fmc2e.com\/en\/wp-json\/wp\/v2\/pages"}],"about":[{"href":"https:\/\/fusionai.fmc2e.com\/en\/wp-json\/wp\/v2\/types\/page"}],"author":[{"embeddable":true,"href":"https:\/\/fusionai.fmc2e.com\/en\/wp-json\/wp\/v2\/users\/1"}],"replies":[{"embeddable":true,"href":"https:\/\/fusionai.fmc2e.com\/en\/wp-json\/wp\/v2\/comments?post=4756"}],"version-history":[{"count":9,"href":"https:\/\/fusionai.fmc2e.com\/en\/wp-json\/wp\/v2\/pages\/4756\/revisions"}],"predecessor-version":[{"id":7458,"href":"https:\/\/fusionai.fmc2e.com\/en\/wp-json\/wp\/v2\/pages\/4756\/revisions\/7458"}],"wp:attachment":[{"href":"https:\/\/fusionai.fmc2e.com\/en\/wp-json\/wp\/v2\/media?parent=4756"}],"curies":[{"name":"wp","href":"https:\/\/api.w.org\/{rel}","templated":true}]}}